{"id":1550,"date":"2014-04-02T05:12:48","date_gmt":"2014-04-02T05:12:48","guid":{"rendered":"http:\/\/themes.themegoods.com\/sirius_wp\/white\/?page_id=1550"},"modified":"2015-04-27T21:39:36","modified_gmt":"2015-04-27T19:39:36","slug":"about-us","status":"publish","type":"page","link":"https:\/\/www.collages-minotti.com\/?page_id=1550","title":{"rendered":"Artiste"},"content":{"rendered":"<p><img loading=\"lazy\" decoding=\"async\" src=\"http:\/\/www.collages-minotti.com\/wp-content\/uploads\/ChristineMottierMinotti.jpg\" alt=\"Christine Mottier-Minotti\" width=\"960\" height=\"640\" class=\"alignnone size-full wp-image-2154\" srcset=\"https:\/\/www.collages-minotti.com\/wp-content\/uploads\/ChristineMottierMinotti.jpg 960w, https:\/\/www.collages-minotti.com\/wp-content\/uploads\/ChristineMottierMinotti-300x200.jpg 300w, https:\/\/www.collages-minotti.com\/wp-content\/uploads\/ChristineMottierMinotti-440x293.jpg 440w\" sizes=\"auto, (max-width: 960px) 100vw, 960px\" \/><\/p>\n<h2>Christine Mottier-Minotti<\/h2>\n<div class=\"one_half \">\n<h5>Une histoire, \u00e0 priori improbable<br \/>\nEclosion de cr\u00e9ativit\u00e9<br \/>\nCollaboration inter-g\u00e9n\u00e9rations<\/h5>\n<p>C&rsquo;est lors d&rsquo;un atelier que j&rsquo;ai commenc\u00e9 \u00e0 coller. Tout de suite j&rsquo;y ai pris beaucoup de plaisir et y ai vu un signe. D\u00e8s lors, je me suis mise \u00e0 d\u00e9couper, coller, assembler toujours avec le m\u00eame bonheur. Je m&rsquo;\u00e9vadais&#8239;; pouvais enfin ressortir et utiliser mes tr\u00e9sors accumul\u00e9s.<\/p>\n<p>Ne pas jeter, mais recycler. Redonner vie en cr\u00e9ant, l&rsquo;\u00e9cologie n&rsquo;est-elle pas dans l&rsquo;air du temps&#8239;? Dans tableau, il y a&#8239;: table et \u00ab\u00a0beau\u00a0\u00bb. Mettre sur la table ce qui est beau. Assembler les couleurs, rechercher les accords, d\u00e9voiler des d\u00e9tails, laisser \u00e9merger une expression diff\u00e9rente, inclure aussi des mots, des phrases, susciter une interpr\u00e9tation, un questionnement.<\/p>\n<p>Comment&#8239;? D&rsquo;abord je trie, par th\u00e8mes, par couleurs, \u00e9cartant ce qui me d\u00e9pla\u00eet et me d\u00e9range. Je d\u00e9chire, d\u00e9coupe, pose, enl\u00e8ve, repose, un peu comme un puzzle, jusqu&rsquo;\u00e0 ce que la bonne pi\u00e8ce s&rsquo;impose.<\/p>\n<p>Ce fut d&rsquo;abord une d\u00e9marche individuelle. Puis les regards, les encouragements d&rsquo;Emmanuelle notre fille m&rsquo;ont \u00e9mue, pouss\u00e9e et gr\u00e2ce \u00e0 son aide pratique et son soutien technique j&rsquo;ai continu\u00e9. Je remercie \u00e9galement mes amis et la patience de la famille, ces forces tranquilles qui canalisent mon \u00e9nergie.<\/p>\n<p>Un premier vernissage a eu lieu en septembre 2009. Il fut rendu possible gr\u00e2ce \u00e0 la collaboration, l&rsquo;int\u00e9r\u00eat et la gentillesse de Camille et Cyril qui ont eu le c\u0153ur de nous ouvrir leur restaurant dans la vieille ville, Le 3RiveGauche, pour exposer deux pi\u00e8ces, puis quatre, puis&#8230;<\/p>\n<p>Merci pour cette belle concr\u00e9tisation d&rsquo;un merveilleux projet cr\u00e9atif compl\u00e9mentaire, fruit d&rsquo;une collaboration filiale extraordinaire.<\/p>\n<p>Apr\u00e8s un succ\u00e8s grandissant je continue maintenant \u00e0 cr\u00e9er sans attente, avec f\u00e9licit\u00e9.<\/p>\n<p>Avec reconnaissance&#8239;!<\/p>\n<p>Christine Mottier-Minotti\n<\/p><\/div>\n<div class=\"one_half last \">\n<blockquote>Le papier, son odeur, ses couleurs&#8239;; sa texture, tant\u00f4t cartonn\u00e9e, tant\u00f4t l\u00e9g\u00e8re&#8239;; mat ou brillant, frais ou vieux, simple ou sophistiqu\u00e9, je l&rsquo;aime, ce papier. Depuis toujours je garde pr\u00e9cieusement journaux, magazines, cartes de v\u0153ux, cartes postales, calendriers, cartons, \u00e9tiquettes et papiers cadeaux avec une affection toute particuli\u00e8re. Chacun \u00e9tant t\u00e9moin, d&rsquo;un instant, d&rsquo;une \u00e9motion, d&rsquo;un signe d&rsquo;amiti\u00e9.<\/blockquote><br class=\"clear\"\/>\n<\/div>\n<p><br class=\"clear\"\/><\/p>\n<h5>Mon atelier<\/h5>\n<div class=\"slider_wrapper\">\n<div class=\"flexslider\" data-height=\"750\">\n<ul class=\"slides\">\n<li><img decoding=\"async\" src=\"https:\/\/www.collages-minotti.com\/wp-content\/uploads\/CollagesMinotti_Atelier_2.jpg\" alt=\"\"\/><\/li>\n<li><img decoding=\"async\" src=\"https:\/\/www.collages-minotti.com\/wp-content\/uploads\/CollagesMinotti_Atelier_1.jpg\" alt=\"\"\/><\/li>\n<li><img decoding=\"async\" src=\"https:\/\/www.collages-minotti.com\/wp-content\/uploads\/CollagesMinotti_Atelier_3.jpg\" alt=\"\"\/><\/li>\n<\/ul>\n<\/div>\n<\/div>\n<p><br class=\"clear\"\/><\/p>\n","protected":false},"excerpt":{"rendered":"<p>Christine Mottier-Minotti Mon atelier<\/p>\n","protected":false},"author":3,"featured_media":0,"parent":0,"menu_order":2,"comment_status":"closed","ping_status":"open","template":"","meta":{"footnotes":""},"class_list":["post-1550","page","type-page","status-publish","hentry"],"_links":{"self":[{"href":"https:\/\/www.collages-minotti.com\/index.php?rest_route=\/wp\/v2\/pages\/1550","targetHints":{"allow":["GET"]}}],"collection":[{"href":"https:\/\/www.collages-minotti.com\/index.php?rest_route=\/wp\/v2\/pages"}],"about":[{"href":"https:\/\/www.collages-minotti.com\/index.php?rest_route=\/wp\/v2\/types\/page"}],"author":[{"embeddable":true,"href":"https:\/\/www.collages-minotti.com\/index.php?rest_route=\/wp\/v2\/users\/3"}],"replies":[{"embeddable":true,"href":"https:\/\/www.collages-minotti.com\/index.php?rest_route=%2Fwp%2Fv2%2Fcomments&post=1550"}],"version-history":[{"count":8,"href":"https:\/\/www.collages-minotti.com\/index.php?rest_route=\/wp\/v2\/pages\/1550\/revisions"}],"predecessor-version":[{"id":2424,"href":"https:\/\/www.collages-minotti.com\/index.php?rest_route=\/wp\/v2\/pages\/1550\/revisions\/2424"}],"wp:attachment":[{"href":"https:\/\/www.collages-minotti.com\/index.php?rest_route=%2Fwp%2Fv2%2Fmedia&parent=1550"}],"curies":[{"name":"wp","href":"https:\/\/api.w.org\/{rel}","templated":true}]}}